{"id":17047,"date":"2025-11-21T08:28:17","date_gmt":"2025-11-21T07:28:17","guid":{"rendered":"https:\/\/triomusic.de\/produkt\/elmar-walter-still-o-himmel-pdf-download"},"modified":"2025-11-22T14:27:19","modified_gmt":"2025-11-22T13:27:19","slug":"elmar-walter-still-o-himmel-pdf-download","status":"publish","type":"product","link":"https:\/\/triomusic.de\/en\/produkt\/elmar-walter-still-o-himmel-pdf-download","title":{"rendered":"Elmar Walter &#8211; Still o Himmel &#8211; <b>PDF download<\/b>"},"content":{"rendered":"<h3>Elmar Walter<\/h3>\n<h2>Still o Himmel<\/h2>\n<h5>25 Christmas carols in five-part wind arrangements<\/h5>\n<p>A selection of well-known traditional Advent and Christmas carols for practical use. The arrangements can be performed in flexible instrumentation with woodwinds and brass players. Available exclusively as a download edition. The musical solution for all Advent and Christmas markets.   <\/p>\n<p>All arrangements are royalty-free.<\/p>\n<hr>\n<p>Contents<\/p>\n<p>1 Every year again<br \/>\n2 Als Du kamst zur Erde nieder<br \/>\n3 Andachtsjodler<br \/>\n4 Es ist ein Ros entsprungen<br \/>\n5 Es werd scho glei dumpa<br \/>\n6 Heidschi bumbeidschi<br \/>\n7 Herbei, o ihr Gl\u00e4ubigen &#8211; Adeste fideles<br \/>\n8 Ich steh an deiner Krippen hier<br \/>\n9 Ihr Kinderlein kommet<br \/>\n10 Joy to the world<br \/>\n11 Kling, Gl\u00f6ckchen, klingelingeling<br \/>\n12 Kommet, ihr Hirten<br \/>\n13 Leise rieselt der Schnee<br \/>\n14 Maria durch ein Dornwald ging<br \/>\n15 Morgen, Kinder, wird\u2018s was geben<br \/>\n16 O, du fr\u00f6hliche<br \/>\n17 O Tannenbaum<br \/>\n18 Schneefl\u00f6ckchen, Wei\u00dfr\u00f6ckchen<br \/>\n19 Still o Himmel, still o Erde<br \/>\n20 Still, still, still<br \/>\n21 Stille Nacht<br \/>\n22 S\u00fc\u00dfer die Glocken nie klingen<br \/>\n23 Tochter Zion<br \/>\n24 Vom Himmel hoch, da komm\u2018 ich her<br \/>\n25 Zu Bethlehem geboren<\/p>\n<hr>\n<p>&nbsp;<\/p>\n","protected":false},"excerpt":{"rendered":"<p>Elmar Walter Still o Himmel 25 Christmas carols in five-part wind arrangements A selection of well-known traditional Advent and Christmas carols for practical use. The arrangements can be performed in flexible instrumentation with woodwinds and brass players. Available exclusively as a download edition. The musical solution for all Advent and Christmas markets. All arrangements are [&hellip;]<\/p>\n","protected":false},"featured_media":17032,"template":"","meta":{"iawp_total_views":63},"product_brand":[],"product_cat":[1718,1779,1724,1726,1780,2121],"product_tag":[],"class_list":{"0":"post-17047","1":"product","2":"type-product","3":"status-publish","4":"has-post-thumbnail","6":"product_cat-brass","7":"product_cat-christmas-music","8":"product_cat-posaunenchor-en","9":"product_cat-quintet","10":"product_cat-titles-by-authors","11":"product_cat-walter-elmar-en","13":"first","14":"instock","15":"taxable","16":"shipping-taxable","17":"product-type-grouped"},"_links":{"self":[{"href":"https:\/\/triomusic.de\/en\/wp-json\/wp\/v2\/product\/17047","targetHints":{"allow":["GET"]}}],"collection":[{"href":"https:\/\/triomusic.de\/en\/wp-json\/wp\/v2\/product"}],"about":[{"href":"https:\/\/triomusic.de\/en\/wp-json\/wp\/v2\/types\/product"}],"wp:featuredmedia":[{"embeddable":true,"href":"https:\/\/triomusic.de\/en\/wp-json\/wp\/v2\/media\/17032"}],"wp:attachment":[{"href":"https:\/\/triomusic.de\/en\/wp-json\/wp\/v2\/media?parent=17047"}],"wp:term":[{"taxonomy":"product_brand","embeddable":true,"href":"https:\/\/triomusic.de\/en\/wp-json\/wp\/v2\/product_brand?post=17047"},{"taxonomy":"product_cat","embeddable":true,"href":"https:\/\/triomusic.de\/en\/wp-json\/wp\/v2\/product_cat?post=17047"},{"taxonomy":"product_tag","embeddable":true,"href":"https:\/\/triomusic.de\/en\/wp-json\/wp\/v2\/product_tag?post=17047"}],"curies":[{"name":"wp","href":"https:\/\/api.w.org\/{rel}","templated":true}]}}