{"id":16230,"date":"2025-07-17T12:59:42","date_gmt":"2025-07-17T10:59:42","guid":{"rendered":"https:\/\/triomusic.de\/produkt\/carnival-score-parts"},"modified":"2025-07-17T12:59:42","modified_gmt":"2025-07-17T10:59:42","slug":"carnival-score-parts","status":"publish","type":"product","link":"https:\/\/triomusic.de\/en\/produkt\/carnival-score-parts","title":{"rendered":"Carnival &#8211; score &amp; parts"},"content":{"rendered":"<p>Anton\u00edn Dvo\u0159\u00e1k<\/p>\n<p>Karneval<\/p>\n<p>Konzertouvert\u00fcre op. 92 (1891)<\/p>\n","protected":false},"excerpt":{"rendered":"<p>Anton\u00edn Dvo\u0159\u00e1k Karneval Konzertouvert\u00fcre op. 92 (1891)<\/p>\n","protected":false},"featured_media":0,"template":"","meta":{"iawp_total_views":0},"product_brand":[],"product_cat":[1791,1924],"product_tag":[],"class_list":{"0":"post-16230","1":"product","2":"type-product","3":"status-publish","5":"product_cat-ametsbichler-stephan-en","6":"product_cat-other","8":"first","9":"instock","10":"taxable","11":"shipping-taxable","12":"purchasable","13":"product-type-simple"},"_links":{"self":[{"href":"https:\/\/triomusic.de\/en\/wp-json\/wp\/v2\/product\/16230","targetHints":{"allow":["GET"]}}],"collection":[{"href":"https:\/\/triomusic.de\/en\/wp-json\/wp\/v2\/product"}],"about":[{"href":"https:\/\/triomusic.de\/en\/wp-json\/wp\/v2\/types\/product"}],"wp:attachment":[{"href":"https:\/\/triomusic.de\/en\/wp-json\/wp\/v2\/media?parent=16230"}],"wp:term":[{"taxonomy":"product_brand","embeddable":true,"href":"https:\/\/triomusic.de\/en\/wp-json\/wp\/v2\/product_brand?post=16230"},{"taxonomy":"product_cat","embeddable":true,"href":"https:\/\/triomusic.de\/en\/wp-json\/wp\/v2\/product_cat?post=16230"},{"taxonomy":"product_tag","embeddable":true,"href":"https:\/\/triomusic.de\/en\/wp-json\/wp\/v2\/product_tag?post=16230"}],"curies":[{"name":"wp","href":"https:\/\/api.w.org\/{rel}","templated":true}]}}