{"id":16229,"date":"2025-07-17T13:07:26","date_gmt":"2025-07-17T11:07:26","guid":{"rendered":"https:\/\/triomusic.de\/produkt\/carnival-score"},"modified":"2025-07-17T13:07:26","modified_gmt":"2025-07-17T11:07:26","slug":"carnival-score","status":"publish","type":"product","link":"https:\/\/triomusic.de\/en\/produkt\/carnival-score","title":{"rendered":"Carnival &#8211; score"},"content":{"rendered":"<p>Anton\u00edn Dvo\u0159\u00e1k<\/p>\n<p>Karneval<\/p>\n<p>Konzertouvert\u00fcre op. 92 (1891)<\/p>\n","protected":false},"excerpt":{"rendered":"<p>Anton\u00edn Dvo\u0159\u00e1k Karneval Konzertouvert\u00fcre op. 92 (1891)<\/p>\n","protected":false},"featured_media":0,"template":"","meta":{"iawp_total_views":0},"product_brand":[],"product_cat":[1791,1924],"product_tag":[],"class_list":{"0":"post-16229","1":"product","2":"type-product","3":"status-publish","5":"product_cat-ametsbichler-stephan-en","6":"product_cat-other","8":"first","9":"instock","10":"taxable","11":"shipping-taxable","12":"purchasable","13":"product-type-simple"},"_links":{"self":[{"href":"https:\/\/triomusic.de\/en\/wp-json\/wp\/v2\/product\/16229","targetHints":{"allow":["GET"]}}],"collection":[{"href":"https:\/\/triomusic.de\/en\/wp-json\/wp\/v2\/product"}],"about":[{"href":"https:\/\/triomusic.de\/en\/wp-json\/wp\/v2\/types\/product"}],"wp:attachment":[{"href":"https:\/\/triomusic.de\/en\/wp-json\/wp\/v2\/media?parent=16229"}],"wp:term":[{"taxonomy":"product_brand","embeddable":true,"href":"https:\/\/triomusic.de\/en\/wp-json\/wp\/v2\/product_brand?post=16229"},{"taxonomy":"product_cat","embeddable":true,"href":"https:\/\/triomusic.de\/en\/wp-json\/wp\/v2\/product_cat?post=16229"},{"taxonomy":"product_tag","embeddable":true,"href":"https:\/\/triomusic.de\/en\/wp-json\/wp\/v2\/product_tag?post=16229"}],"curies":[{"name":"wp","href":"https:\/\/api.w.org\/{rel}","templated":true}]}}