{"id":16154,"date":"2025-07-14T00:20:55","date_gmt":"2025-07-13T22:20:55","guid":{"rendered":"https:\/\/triomusic.de\/?post_type=product&#038;p=16154"},"modified":"2025-08-05T21:21:27","modified_gmt":"2025-08-05T19:21:27","slug":"bavarian-taps-kopie","status":"publish","type":"product","link":"https:\/\/triomusic.de\/en\/produkt\/bavarian-taps-kopie","title":{"rendered":"Bavarian Tattoo"},"content":{"rendered":"<h3>Traditional<\/h3>\n<h2>Bavarian Tattoo <strong>of the Royal Bavarian Military Music of 1822\/23<\/strong><\/h2>\n<h3><a href=\"https:\/\/triomusic.de\/autoren2\/sepp-erich\">Arr.: Erich Sepp<\/a><\/h3>\n<h2><\/h2>\n<p>&#8220;Zapfenstreich&#8221; (&#8220;Zapfenschlag&#8221;, French &#8220;retraite&#8221;) was the military term for the blow on the spigot with which the beer barrel was closed. The end of the serving of drinks was ordered by a signal. For the foot troops this was initially a drum signal, for the cavalry a bugle call. In the 17th century, it became customary to play a special march, the Retraite or Zapfenstreich, for this purpose, with the minstrels marching through the camp.<\/p>\n<p>The model for this new arrangement was the piano version from &#8220;Die Churpfalz-Bayerischen und K\u00f6niglich Bayerischen Ordonanz-M\u00e4rsche und Signale nach den Allerh\u00f6chsten Vorschriften von 1782, 1791, 1822 und 1823 f\u00fcr das Pianoforte bearbeitet von Carl H\u00fcnn, k\u00f6nigl. bayer. Music director.&#8221;<\/p>\n<p>&nbsp;<\/p>\n<p><iframe loading=\"lazy\" src=\"https:\/\/www.youtube-nocookie.com\/embed\/J8Cc9lgWkI8\" width=\"560\" height=\"315\" frameborder=\"0\" allowfullscreen=\"allowfullscreen\"><\/iframe><\/p>\n<hr>\n<p>&nbsp;<\/p>\n","protected":false},"excerpt":{"rendered":"<p>Traditional Bavarian Tattoo of the Royal Bavarian Military Music of 1822\/23 Arr.: Erich Sepp &#8220;Zapfenstreich&#8221; (&#8220;Zapfenschlag&#8221;, French &#8220;retraite&#8221;) was the military term for the blow on the spigot with which the beer barrel was closed. The end of the serving of drinks was ordered by a signal. For the foot troops this was initially a [&hellip;]<\/p>\n","protected":false},"featured_media":11390,"template":"","meta":{"iawp_total_views":0},"product_brand":[],"product_cat":[1713,1890,1827,1717],"product_tag":[],"class_list":{"0":"post-16154","1":"product","2":"type-product","3":"status-publish","4":"has-post-thumbnail","6":"product_cat-concert-band","7":"product_cat-download-en","8":"product_cat-sepp-erich-en","9":"product_cat-traditional-waork","11":"first","12":"instock","13":"taxable","14":"shipping-taxable","15":"product-type-grouped"},"_links":{"self":[{"href":"https:\/\/triomusic.de\/en\/wp-json\/wp\/v2\/product\/16154","targetHints":{"allow":["GET"]}}],"collection":[{"href":"https:\/\/triomusic.de\/en\/wp-json\/wp\/v2\/product"}],"about":[{"href":"https:\/\/triomusic.de\/en\/wp-json\/wp\/v2\/types\/product"}],"wp:featuredmedia":[{"embeddable":true,"href":"https:\/\/triomusic.de\/en\/wp-json\/wp\/v2\/media\/11390"}],"wp:attachment":[{"href":"https:\/\/triomusic.de\/en\/wp-json\/wp\/v2\/media?parent=16154"}],"wp:term":[{"taxonomy":"product_brand","embeddable":true,"href":"https:\/\/triomusic.de\/en\/wp-json\/wp\/v2\/product_brand?post=16154"},{"taxonomy":"product_cat","embeddable":true,"href":"https:\/\/triomusic.de\/en\/wp-json\/wp\/v2\/product_cat?post=16154"},{"taxonomy":"product_tag","embeddable":true,"href":"https:\/\/triomusic.de\/en\/wp-json\/wp\/v2\/product_tag?post=16154"}],"curies":[{"name":"wp","href":"https:\/\/api.w.org\/{rel}","templated":true}]}}