{"id":16109,"date":"2025-07-01T17:56:29","date_gmt":"2025-07-01T15:56:29","guid":{"rendered":"https:\/\/triomusic.de\/?post_type=product&#038;p=16109"},"modified":"2025-08-06T10:16:54","modified_gmt":"2025-08-06T08:16:54","slug":"galopp-pdf-download","status":"publish","type":"product","link":"https:\/\/triomusic.de\/en\/produkt\/galopp-pdf-download","title":{"rendered":"Galopp &#8211; <b>PDF Download<\/b>"},"content":{"rendered":"<h4>Originalausgaben der Tanngrindler Musikanten<\/h4>\n<h6>Galopp<\/h6>\n<h5>aus der Sammlung Ludwig Schie\u00dfl<\/h5>\n<p>Erschienen in Zusammenarbeit mit dem Bayerischen Landesverein f\u00fcr Heimatpflege e.V., M\u00fcnchen in der Reihe <strong>Blasmusik in Bayern &#8211; Oberpfalz<\/strong>, herausgegeben von Elmar Walter<\/p>\n<p>Stimmen: Direktion in C, Es-Klarinette, 2 B-Klarinetten, 2 Trompeten (Fl\u00fcgelh\u00f6rner), Tenorhorn, Bariton (B\/C), Begleitung C\/B\/Es\/F, Bass C\/B\/Es. Zus\u00e4tzlich: Melodie B, Fl\u00f6te in C<\/p>\n","protected":false},"excerpt":{"rendered":"<p>Originalausgaben der Tanngrindler Musikanten Galopp aus der Sammlung Ludwig Schie\u00dfl Erschienen in Zusammenarbeit mit dem Bayerischen Landesverein f\u00fcr Heimatpflege e.V., M\u00fcnchen in der Reihe Blasmusik in Bayern &#8211; Oberpfalz, herausgegeben von Elmar Walter Stimmen: Direktion in C, Es-Klarinette, 2 B-Klarinetten, 2 Trompeten (Fl\u00fcgelh\u00f6rner), Tenorhorn, Bariton (B\/C), Begleitung C\/B\/Es\/F, Bass C\/B\/Es. Zus\u00e4tzlich: Melodie B, Fl\u00f6te in [&hellip;]<\/p>\n","protected":false},"featured_media":16024,"template":"","meta":{"iawp_total_views":5},"product_brand":[],"product_cat":[1897],"product_tag":[],"class_list":{"0":"post-16109","1":"product","2":"type-product","3":"status-publish","4":"has-post-thumbnail","6":"product_cat-sonstiges-2","8":"first","9":"instock","10":"downloadable","11":"virtual","12":"sold-individually","13":"taxable","14":"purchasable","15":"product-type-simple"},"_links":{"self":[{"href":"https:\/\/triomusic.de\/en\/wp-json\/wp\/v2\/product\/16109","targetHints":{"allow":["GET"]}}],"collection":[{"href":"https:\/\/triomusic.de\/en\/wp-json\/wp\/v2\/product"}],"about":[{"href":"https:\/\/triomusic.de\/en\/wp-json\/wp\/v2\/types\/product"}],"wp:featuredmedia":[{"embeddable":true,"href":"https:\/\/triomusic.de\/en\/wp-json\/wp\/v2\/media\/16024"}],"wp:attachment":[{"href":"https:\/\/triomusic.de\/en\/wp-json\/wp\/v2\/media?parent=16109"}],"wp:term":[{"taxonomy":"product_brand","embeddable":true,"href":"https:\/\/triomusic.de\/en\/wp-json\/wp\/v2\/product_brand?post=16109"},{"taxonomy":"product_cat","embeddable":true,"href":"https:\/\/triomusic.de\/en\/wp-json\/wp\/v2\/product_cat?post=16109"},{"taxonomy":"product_tag","embeddable":true,"href":"https:\/\/triomusic.de\/en\/wp-json\/wp\/v2\/product_tag?post=16109"}],"curies":[{"name":"wp","href":"https:\/\/api.w.org\/{rel}","templated":true}]}}