{"id":15401,"date":"2025-05-27T16:18:05","date_gmt":"2025-05-27T14:18:05","guid":{"rendered":"https:\/\/triomusic.de\/?post_type=product&#038;p=15401"},"modified":"2025-06-09T18:39:04","modified_gmt":"2025-06-09T16:39:04","slug":"campion-kopie","status":"publish","type":"product","link":"https:\/\/triomusic.de\/en\/produkt\/campion-kopie","title":{"rendered":"Dorothee Eberhardt &#8211; Campion"},"content":{"rendered":"<h3><a href=\"https:\/\/triomusic.de\/autoren2\/eberhardt-dorothee\" target=\"_blank\" rel=\"noopener\">Dorothee Eberhardt (*1952)<\/a><\/h3>\n<h2>Campion<\/h2>\n<h5>for bass clarinet (or clarinet) and piano<\/h5>\n<p><em>Campion<\/em> for bass clarinet and piano was composed in 2000 for Due Boemi Di Praga, i.e. the bass clarinetist Josef Hor\u00e1k and his wife, the pianist Emma Korv\u00e1rnov\u00e1. This two-movement work opens with solo bass clarinet. The unrelenting rhythmic drive is established early, and with a unique blend of flexibility in the pulse and precision of compositional structure, the dialogue between the two instruments is one of constant fluidity.  <\/p>\n<p><em>Campion<\/em> can also be performed on Bb clarinet.<\/p>\n<p>&nbsp;<\/p>\n<p>Duo Scoperta &#8211; Campion, 1st mvmt<\/p>\n<p><iframe loading=\"lazy\" title=\"Campion I.\" width=\"625\" height=\"469\" src=\"https:\/\/www.youtube.com\/embed\/9WWGDDGMZeg?feature=oembed\" frameborder=\"0\" allow=\"accelerometer; autoplay; clipboard-write; encrypted-media; gyroscope; picture-in-picture; web-share\" referrerpolicy=\"strict-origin-when-cross-origin\" allowfullscreen><\/iframe><\/p>\n<p>Duo Scoperta &#8211; Campion, 2nd mvmt<\/p>\n<p><iframe loading=\"lazy\" title=\"Campion II.\" width=\"625\" height=\"469\" src=\"https:\/\/www.youtube.com\/embed\/aFY4RRPMBAI?feature=oembed\" frameborder=\"0\" allow=\"accelerometer; autoplay; clipboard-write; encrypted-media; gyroscope; picture-in-picture; web-share\" referrerpolicy=\"strict-origin-when-cross-origin\" allowfullscreen><\/iframe><\/p>\n<hr>\n<p>&nbsp;<\/p>\n","protected":false},"excerpt":{"rendered":"<p>Dorothee Eberhardt (*1952) Campion for bass clarinet (or clarinet) and piano Campion for bass clarinet and piano was composed in 2000 for Due Boemi Di Praga, i.e. the bass clarinetist Josef Hor\u00e1k and his wife, the pianist Emma Korv\u00e1rnov\u00e1. This two-movement work opens with solo bass clarinet. The unrelenting rhythmic drive is established early, and [&hellip;]<\/p>\n","protected":false},"featured_media":11833,"template":"","meta":{"iawp_total_views":2},"product_brand":[],"product_cat":[1739,1890,1802,1744,1709],"product_tag":[],"class_list":{"0":"post-15401","1":"product","2":"type-product","3":"status-publish","4":"has-post-thumbnail","6":"product_cat-clarinet-basset-horn","7":"product_cat-download-en","8":"product_cat-eberhardt-dorothee-en","9":"product_cat-solo-clarinet","10":"product_cat-woodwinds","12":"first","13":"instock","14":"taxable","15":"shipping-taxable","16":"product-type-grouped"},"_links":{"self":[{"href":"https:\/\/triomusic.de\/en\/wp-json\/wp\/v2\/product\/15401","targetHints":{"allow":["GET"]}}],"collection":[{"href":"https:\/\/triomusic.de\/en\/wp-json\/wp\/v2\/product"}],"about":[{"href":"https:\/\/triomusic.de\/en\/wp-json\/wp\/v2\/types\/product"}],"wp:featuredmedia":[{"embeddable":true,"href":"https:\/\/triomusic.de\/en\/wp-json\/wp\/v2\/media\/11833"}],"wp:attachment":[{"href":"https:\/\/triomusic.de\/en\/wp-json\/wp\/v2\/media?parent=15401"}],"wp:term":[{"taxonomy":"product_brand","embeddable":true,"href":"https:\/\/triomusic.de\/en\/wp-json\/wp\/v2\/product_brand?post=15401"},{"taxonomy":"product_cat","embeddable":true,"href":"https:\/\/triomusic.de\/en\/wp-json\/wp\/v2\/product_cat?post=15401"},{"taxonomy":"product_tag","embeddable":true,"href":"https:\/\/triomusic.de\/en\/wp-json\/wp\/v2\/product_tag?post=15401"}],"curies":[{"name":"wp","href":"https:\/\/api.w.org\/{rel}","templated":true}]}}