{"id":14517,"date":"2025-02-20T02:14:14","date_gmt":"2025-02-20T01:14:14","guid":{"rendered":"https:\/\/triomusic.de\/?post_type=product&#038;p=14517"},"modified":"2025-06-09T10:11:51","modified_gmt":"2025-06-09T08:11:51","slug":"erich-sepp-volkstuemliche-blaesermusik-2-pdf-download","status":"publish","type":"product","link":"https:\/\/triomusic.de\/en\/produkt\/erich-sepp-volkstuemliche-blaesermusik-2-pdf-download","title":{"rendered":"Erich Sepp &#8211; Volkst\u00fcmliche Bl\u00e4sermusik 2 &#8211; <b>PDF download<\/b>"},"content":{"rendered":"<h3>Erich Sepp<\/h3>\n<h2>Volkst\u00fcmliche Bl\u00e4sermusik, Band 2<\/h2>\n<p>14 Spielst\u00fccke f\u00fcr f\u00fcnf Blechbl\u00e4ser, eingerichtet und bearbeitet von Erich Sepp.<br \/>\nDirektion und 8 Einzelstimmen<\/p>\n<p>Inhalt:<\/p>\n<p>&#8212; Aufzug<br \/>\n&#8212; Allmando Nr. 1 aus der Notensammlung des Peter Huber (1766\u20131843) aus Sachrang<br \/>\n&#8212; Allmando Nr. 2 aus der Notensammlung des Peter Huber (1766\u20131843) aus Sachrang<br \/>\n&#8212; Bauernmarsch. B\u00fchnenmusik zum Einakter &#8220;Der Fehlschuss&#8221; von Herzog Max in Bayern (1808-1888). Melodie (verm.) Adolf M\u00fcller (1801\u20131886)<br \/>\n&#8212; Marsch<br \/>\n&#8212; Marsch aus Feldegg<br \/>\n&#8212; Marsch aus dem Landgericht Ehrenberg<br \/>\n&#8212; Weyarner Hirtenmusik<br \/>\n&#8212; Pastorelle aus Welschnofen<br \/>\n&#8212; &#8220;Nicht zu geschwind&#8221; aus einer Mettener Handschrift<br \/>\n&#8212; Menuett von Karl Ditters von Dittersdorf (1739\u20131799)<br \/>\n&#8212; Seisenburger Marsch<br \/>\n&#8212; Sonata von Daniel Speer (1636\u20131707)<br \/>\n&#8212; Intrada von Johann Pezelius, 1685<\/p>\n<hr \/>\n<p>&nbsp;<\/p>\n<p>&nbsp;<\/p>\n","protected":false},"excerpt":{"rendered":"<p>Erich Sepp Volkst\u00fcmliche Bl\u00e4sermusik, Band 2 14 Spielst\u00fccke f\u00fcr f\u00fcnf Blechbl\u00e4ser, eingerichtet und bearbeitet von Erich Sepp. Direktion und 8 Einzelstimmen Inhalt: &#8212; Aufzug &#8212; Allmando Nr. 1 aus der Notensammlung des Peter Huber (1766\u20131843) aus Sachrang &#8212; Allmando Nr. 2 aus der Notensammlung des Peter Huber (1766\u20131843) aus Sachrang &#8212; Bauernmarsch. B\u00fchnenmusik zum Einakter [&hellip;]<\/p>\n","protected":false},"featured_media":15553,"template":"","meta":{"iawp_total_views":31},"product_brand":[],"product_cat":[712,1889,728,834],"product_tag":[],"class_list":{"0":"post-14517","1":"product","2":"type-product","3":"status-publish","4":"has-post-thumbnail","6":"product_cat-blechblaeser","7":"product_cat-download","8":"product_cat-quintett-blechblaeser","9":"product_cat-sepp-erich","11":"first","12":"instock","13":"taxable","14":"shipping-taxable","15":"product-type-grouped"},"_links":{"self":[{"href":"https:\/\/triomusic.de\/en\/wp-json\/wp\/v2\/product\/14517","targetHints":{"allow":["GET"]}}],"collection":[{"href":"https:\/\/triomusic.de\/en\/wp-json\/wp\/v2\/product"}],"about":[{"href":"https:\/\/triomusic.de\/en\/wp-json\/wp\/v2\/types\/product"}],"wp:featuredmedia":[{"embeddable":true,"href":"https:\/\/triomusic.de\/en\/wp-json\/wp\/v2\/media\/15553"}],"wp:attachment":[{"href":"https:\/\/triomusic.de\/en\/wp-json\/wp\/v2\/media?parent=14517"}],"wp:term":[{"taxonomy":"product_brand","embeddable":true,"href":"https:\/\/triomusic.de\/en\/wp-json\/wp\/v2\/product_brand?post=14517"},{"taxonomy":"product_cat","embeddable":true,"href":"https:\/\/triomusic.de\/en\/wp-json\/wp\/v2\/product_cat?post=14517"},{"taxonomy":"product_tag","embeddable":true,"href":"https:\/\/triomusic.de\/en\/wp-json\/wp\/v2\/product_tag?post=14517"}],"curies":[{"name":"wp","href":"https:\/\/api.w.org\/{rel}","templated":true}]}}