{"id":13775,"date":"2024-09-14T18:37:49","date_gmt":"2024-09-14T16:37:49","guid":{"rendered":"https:\/\/triomusic.de\/?post_type=product&#038;p=13775"},"modified":"2025-05-19T16:59:08","modified_gmt":"2025-05-19T14:59:08","slug":"konrad-max-kunz-bayernhymne-sinfonische-fassung-von-1860","status":"publish","type":"product","link":"https:\/\/triomusic.de\/en\/produkt\/konrad-max-kunz-bayernhymne-sinfonische-fassung-von-1860","title":{"rendered":"Konrad Max Kunz &#8211; Bayernhymne &#8211; Sinfonische Fassung von 1860"},"content":{"rendered":"<h3>Konrad Max Kunz (1812-1875)<\/h3>\n<h2>Bayernhymne<\/h2>\n<h5>Sinfonische Fassung von 1860<\/h5>\n<p>Picc, 2 Fl, Ob, 2 Klar, 2 Fag, 2 Hn, 2 Tp, 3 Ppos, Tb, Pk, GrTr, Chor SATB, 2 Vl, Va, Vc, Kb<\/p>\n<h5>Das Lied der Bayern<\/h5>\n<p>Das Lied \u201eGott mit dir, du Land der Bayern\u201c entstand 1860 zum 20. Stiftungsfest der M\u00fcnchner B\u00fcrger-S\u00e4nger-Zunft. Der Textdichter war Michael \u00d6chsner (1816\u20131893), ein angesehener M\u00fcnchner P\u00e4dagoge; die Musik stammt von dem geb\u00fcrtigen Schwandorfer Konrad Max Kunz (1812\u20131875), der von 1845 bis zu seinem Tode Chordirektor der kgl. Hofoper in M\u00fcnchen war. Obwohl das aus dem B\u00fcrgertum kommende und demokratische Rechte des Volkes anmahnende Bayernlied vom bayerischen K\u00f6nigshaus anfangs abgelehnt wurde, setzte es sich dank der F\u00f6rderung durch die Schulen allm\u00e4hlich durch und wurde ab Anfang des 20. Jahrhunderts in der Regel ein- oder zweistimmig in bayerische Schulliederb\u00fccher aufgenommen.<br \/>\nMit Beschluss des bayerischen Ministerrates vom 3. M\u00e4rz 1953 wurde das Lied der Bayern zur offiziellen Hymne erkl\u00e4rt; 1963\/64 verf\u00fcgte Ministerpr\u00e4sident Alfons Goppel, es bei Staatsempf\u00e4ngen und offiziellen Anl\u00e4ssen neben der deutschen Nationalhymne spielen zu lassen. In der Folgezeit wurden verschiedene Bearbeitungen f\u00fcr Bl\u00e4sergruppen, Blasorchester sowie f\u00fcr Chor und Orchester ver\u00f6ffentlicht, die alle, weil die Originalfassung nicht bekannt war, eigenst\u00e4ndige und z. T. eigenwillige Harmonisierungen verwendeten. Durch einen gl\u00fccklichen Umstand wurde 1995 die Originalkomposition von Konrad Max Kunz f\u00fcr Chor und Sinfonieorchester durch Johannes Timmermann im Archiv des M\u00fcnchner Wilhelmsgymnasiums wiederaufgefunden. Da die Kunzsche Instrumentierung und Harmonisierung die volksliedhafte Melodik des Bayernliedes am besten zur Geltung bringt, war eine Neuausgabe dieser Originalfassung angebracht.<\/p>\n<hr \/>\n<p>&nbsp;<\/p>\n","protected":false},"excerpt":{"rendered":"<p>Konrad Max Kunz (1812-1875) Bayernhymne Sinfonische Fassung von 1860 Picc, 2 Fl, Ob, 2 Klar, 2 Fag, 2 Hn, 2 Tp, 3 Ppos, Tb, Pk, GrTr, Chor SATB, 2 Vl, Va, Vc, Kb Das Lied der Bayern Das Lied \u201eGott mit dir, du Land der Bayern\u201c entstand 1860 zum 20. Stiftungsfest der M\u00fcnchner B\u00fcrger-S\u00e4nger-Zunft. Der [&hellip;]<\/p>\n","protected":false},"featured_media":13769,"template":"","meta":{"iawp_total_views":26},"product_brand":[],"product_cat":[778,809,1575,764],"product_tag":[],"class_list":{"0":"post-13775","1":"product","2":"type-product","3":"status-publish","4":"has-post-thumbnail","6":"product_cat-5-und-mehr-instrumente","7":"product_cat-kanz-joseph","8":"product_cat-sonstige-besetzungen","9":"product_cat-streicher","11":"first","12":"instock","13":"taxable","14":"shipping-taxable","15":"product-type-grouped"},"_links":{"self":[{"href":"https:\/\/triomusic.de\/en\/wp-json\/wp\/v2\/product\/13775","targetHints":{"allow":["GET"]}}],"collection":[{"href":"https:\/\/triomusic.de\/en\/wp-json\/wp\/v2\/product"}],"about":[{"href":"https:\/\/triomusic.de\/en\/wp-json\/wp\/v2\/types\/product"}],"wp:featuredmedia":[{"embeddable":true,"href":"https:\/\/triomusic.de\/en\/wp-json\/wp\/v2\/media\/13769"}],"wp:attachment":[{"href":"https:\/\/triomusic.de\/en\/wp-json\/wp\/v2\/media?parent=13775"}],"wp:term":[{"taxonomy":"product_brand","embeddable":true,"href":"https:\/\/triomusic.de\/en\/wp-json\/wp\/v2\/product_brand?post=13775"},{"taxonomy":"product_cat","embeddable":true,"href":"https:\/\/triomusic.de\/en\/wp-json\/wp\/v2\/product_cat?post=13775"},{"taxonomy":"product_tag","embeddable":true,"href":"https:\/\/triomusic.de\/en\/wp-json\/wp\/v2\/product_tag?post=13775"}],"curies":[{"name":"wp","href":"https:\/\/api.w.org\/{rel}","templated":true}]}}