{"id":13513,"date":"2019-05-07T12:00:17","date_gmt":"2019-05-07T10:00:17","guid":{"rendered":"https:\/\/triomusic.de\/produkt\/2-sonatas-op-282-3"},"modified":"2019-05-07T12:00:17","modified_gmt":"2019-05-07T10:00:17","slug":"2-sonatas-op-282-3","status":"publish","type":"product","link":"https:\/\/triomusic.de\/en\/produkt\/2-sonatas-op-282-3","title":{"rendered":"2 Sonatas op. 28,2\/3"},"content":{"rendered":"<h3>Jean-Baptiste Br\u00e9val (1753-1823)<\/h3>\n<h2>Two Sonatas op. 28 no. 2 \/ op. 28 no. 3<\/h2>\n<h5>for violoncello and piano or 2 violoncellos<\/h5>\n<h3>arranged and edited by Emmerich B\u00fcnemann<\/h3>\n<p>Jean-Baptiste Br\u00e9val&#8217;s sonata collections op. 28 and op. 40 have long since found their way into the literature for violoncello. Br\u00e9val, himself an experienced cellist, understood perfectly how to emphasize the technical possibilities of this instrument.<\/p>\n<p>A piano accompaniment in the style of the time has been added to the present edition for two violoncellos. Two performance variants are therefore possible.<\/p>\n","protected":false},"excerpt":{"rendered":"<p>Jean-Baptiste Br\u00e9val (1753-1823) Two Sonatas op. 28 no. 2 \/ op. 28 no. 3 for violoncello and piano or 2 violoncellos arranged and edited by Emmerich B\u00fcnemann Jean-Baptiste Br\u00e9val&#8217;s sonata collections op. 28 and op. 40 have long since found their way into the literature for violoncello. Br\u00e9val, himself an experienced cellist, understood perfectly how [&hellip;]<\/p>\n","protected":false},"featured_media":12144,"template":"","meta":{"iawp_total_views":2},"product_brand":[],"product_cat":[1835,1771,1773,1775,1762],"product_tag":[],"class_list":{"0":"post-13513","1":"product","2":"type-product","3":"status-publish","4":"has-post-thumbnail","6":"product_cat-buenemann-emmerich-en","7":"product_cat-cello","8":"product_cat-duo-cello","9":"product_cat-solo-cello","10":"product_cat-strings","12":"first","13":"instock","14":"taxable","15":"shipping-taxable","16":"purchasable","17":"product-type-simple"},"_links":{"self":[{"href":"https:\/\/triomusic.de\/en\/wp-json\/wp\/v2\/product\/13513","targetHints":{"allow":["GET"]}}],"collection":[{"href":"https:\/\/triomusic.de\/en\/wp-json\/wp\/v2\/product"}],"about":[{"href":"https:\/\/triomusic.de\/en\/wp-json\/wp\/v2\/types\/product"}],"wp:featuredmedia":[{"embeddable":true,"href":"https:\/\/triomusic.de\/en\/wp-json\/wp\/v2\/media\/12144"}],"wp:attachment":[{"href":"https:\/\/triomusic.de\/en\/wp-json\/wp\/v2\/media?parent=13513"}],"wp:term":[{"taxonomy":"product_brand","embeddable":true,"href":"https:\/\/triomusic.de\/en\/wp-json\/wp\/v2\/product_brand?post=13513"},{"taxonomy":"product_cat","embeddable":true,"href":"https:\/\/triomusic.de\/en\/wp-json\/wp\/v2\/product_cat?post=13513"},{"taxonomy":"product_tag","embeddable":true,"href":"https:\/\/triomusic.de\/en\/wp-json\/wp\/v2\/product_tag?post=13513"}],"curies":[{"name":"wp","href":"https:\/\/api.w.org\/{rel}","templated":true}]}}