{"id":13509,"date":"2014-07-30T18:04:20","date_gmt":"2014-07-30T16:04:20","guid":{"rendered":"https:\/\/triomusic.de\/produkt\/4-movements-for-string-instruments"},"modified":"2014-07-30T18:04:20","modified_gmt":"2014-07-30T16:04:20","slug":"4-movements-for-string-instruments","status":"publish","type":"product","link":"https:\/\/triomusic.de\/en\/produkt\/4-movements-for-string-instruments","title":{"rendered":"4 movements for string instruments"},"content":{"rendered":"<h3>Carl Philipp Emanuel Bach (1714-1788)<\/h3>\n<h2>Four movements for string instruments<\/h2>\n<h4>for 2 Vl, Va, Vc, Kb, Klav (Va also Vl 3; Kb, Cemb., Klav. ad lib)<\/h4>\n<h3>Arr.: Emmerich B\u00fcnemann<\/h3>\n<p>&nbsp;<\/p>\n<p>Emmerich B\u00fcnemann has orchestrated two marches and two polonaises from the &#8220;Klavierb\u00fcchlein f\u00fcr Anna Magdalena Bach&#8221; for strings. They are easier for beginners to perform than the original compositions for string orchestra by C. P. E. Bach, but still allow them to become acquainted with his music by means of simple works. All four movements can be performed solo or in tutti with or without basso continuo.<\/p>\n<p>&nbsp;<\/p>\n<p>Difficulty level 2<\/p>\n","protected":false},"excerpt":{"rendered":"<p>Carl Philipp Emanuel Bach (1714-1788) Four movements for string instruments for 2 Vl, Va, Vc, Kb, Klav (Va also Vl 3; Kb, Cemb., Klav. ad lib) Arr.: Emmerich B\u00fcnemann &nbsp; Emmerich B\u00fcnemann has orchestrated two marches and two polonaises from the &#8220;Klavierb\u00fcchlein f\u00fcr Anna Magdalena Bach&#8221; for strings. They are easier for beginners to perform [&hellip;]<\/p>\n","protected":false},"featured_media":11910,"template":"","meta":{"iawp_total_views":1},"product_brand":[],"product_cat":[1763,1835,1762],"product_tag":[],"class_list":{"0":"post-13509","1":"product","2":"type-product","3":"status-publish","4":"has-post-thumbnail","6":"product_cat-5-and-more-instruments","7":"product_cat-buenemann-emmerich-en","8":"product_cat-strings","10":"first","11":"instock","12":"taxable","13":"shipping-taxable","14":"purchasable","15":"product-type-simple"},"_links":{"self":[{"href":"https:\/\/triomusic.de\/en\/wp-json\/wp\/v2\/product\/13509","targetHints":{"allow":["GET"]}}],"collection":[{"href":"https:\/\/triomusic.de\/en\/wp-json\/wp\/v2\/product"}],"about":[{"href":"https:\/\/triomusic.de\/en\/wp-json\/wp\/v2\/types\/product"}],"wp:featuredmedia":[{"embeddable":true,"href":"https:\/\/triomusic.de\/en\/wp-json\/wp\/v2\/media\/11910"}],"wp:attachment":[{"href":"https:\/\/triomusic.de\/en\/wp-json\/wp\/v2\/media?parent=13509"}],"wp:term":[{"taxonomy":"product_brand","embeddable":true,"href":"https:\/\/triomusic.de\/en\/wp-json\/wp\/v2\/product_brand?post=13509"},{"taxonomy":"product_cat","embeddable":true,"href":"https:\/\/triomusic.de\/en\/wp-json\/wp\/v2\/product_cat?post=13509"},{"taxonomy":"product_tag","embeddable":true,"href":"https:\/\/triomusic.de\/en\/wp-json\/wp\/v2\/product_tag?post=13509"}],"curies":[{"name":"wp","href":"https:\/\/api.w.org\/{rel}","templated":true}]}}