{"id":13489,"date":"2025-05-27T17:30:01","date_gmt":"2025-05-27T15:30:01","guid":{"rendered":"https:\/\/triomusic.de\/produkt\/the-magic-flute-i"},"modified":"2025-10-24T16:42:59","modified_gmt":"2025-10-24T14:42:59","slug":"the-magic-flute-i","status":"publish","type":"product","link":"https:\/\/triomusic.de\/en\/produkt\/the-magic-flute-i","title":{"rendered":"W. A. Mozart &#8211; The Magic Flute I"},"content":{"rendered":"<h3>Wolfgang Amadeus Mozart (1756-1791)<\/h3>\n<h2>The Magic Flute, Volume I<\/h2>\n<h5>for 3 basset horns (3 clarinets, 2 clarinets + basset horn, 2 clarinets + bassoon, oboe\/clarinet\/bassoon)<\/h5>\n<p>Based on a historical edition from Prague, compiled and arranged in two volumes by<br \/>\n<a href=\"https:\/\/triomusic.de\/autoren2\/nowotny-michael\" target=\"_blank\" rel=\"noopener\">Michael Nowotny<\/a>.<\/p>\n<h5>Volume I (from the first act)<\/h5>\n<p>1 Hm! hm! hm!<br \/>\n2 Wie stark ist nicht dein Zauberton<br \/>\n3 Es lebe Sarastro<br \/>\n4 Der Vogelf\u00e4nger bin ich ja<br \/>\n5 Dies Bildnis ist bezaubernd sch\u00f6n<br \/>\n6 Du feines T\u00e4ubchen, nur herein<br \/>\n7 Bei M\u00e4nnern, welche Liebe f\u00fchlen<br \/>\n8 Zum Ziele f\u00fchrt euch diese Bahn<br \/>\n9 Schnelle F\u00fcsse, rascher Muth<\/p>\n<p>&nbsp;<\/p>\n<div id=\"mp3jWrap_0\" class=\"mjp-s-wrapper s-graphic unsel-mjp \" style=\"font-size:14px;\"><span id=\"playpause_wrap_mp3j_0\" class=\"wrap_inline_mp3j\" style=\"font-weight:700;\"><span class=\"gfxbutton_mp3j play-mjp\" id=\"playpause_mp3j_0\" style=\"font-size:14px;\">&nbsp;&nbsp;&nbsp;&nbsp;&nbsp;<\/span>&nbsp;<span class=\"group_wrap\"><span class=\"bars_mp3j\"><span class=\"loadB_mp3j\" id=\"load_mp3j_0\"><\/span><span class=\"posbarB_mp3j\" id=\"posbar_mp3j_0\"><\/span><\/span><span class=\"T_mp3j\" id=\"T_mp3j_0\" style=\"font-size:14px;\">Arie des Papageno - Der Vogelf\u00e4nger bin ich ja<span> - M\u00fcnchner Bassetthorntrio<\/span><\/span><span class=\"indi_mp3j\" style=\"font-size:9.8px;\" id=\"statusMI_0\"><\/span><\/span><\/span><\/div><span class=\"s-nosolution\" id=\"mp3j_nosolution_0\" style=\"display:none;\"><\/span><script>\nMP3jPLAYLISTS.inline_0 = [\n\t{ name: \"Arie des Papageno - Der Vogelf\u00e4nger bin ich ja\", formats: [\"mp3\"], mp3: \"aHR0cHM6Ly90cmlvbXVzaWMuZGUvd3AtY29udGVudC91cGxvYWRzLzIwMTkvMDcvemF1YmVyZmzDtnRlX3ZvZ2VsZsOkbmdlci5tcDM=\", counterpart:\"\", artist: \"M\u00fcnchner Bassetthorntrio\", image: \"\", imgurl: \"\" }\n];\n<\/script>\n\n<script>MP3jPLAYERS[0] = { list: MP3jPLAYLISTS.inline_0, tr:0, type:'single', lstate:'', loop:false, play_txt:'&nbsp;&nbsp;&nbsp;&nbsp;&nbsp;', pause_txt:'&nbsp;&nbsp;&nbsp;&nbsp;&nbsp;', pp_title:'', autoplay:false, download:false, vol:100, height:'' };<\/script>\n<p>&nbsp;<\/p>\n<div id=\"mp3jWrap_1\" class=\"mjp-s-wrapper s-graphic unsel-mjp \" style=\"font-size:14px;\"><span id=\"playpause_wrap_mp3j_1\" class=\"wrap_inline_mp3j\" style=\"font-weight:700;\"><span class=\"gfxbutton_mp3j play-mjp\" id=\"playpause_mp3j_1\" style=\"font-size:14px;\">&nbsp;&nbsp;&nbsp;&nbsp;&nbsp;<\/span>&nbsp;<span class=\"group_wrap\"><span class=\"bars_mp3j\"><span class=\"loadB_mp3j\" id=\"load_mp3j_1\"><\/span><span class=\"posbarB_mp3j\" id=\"posbar_mp3j_1\"><\/span><\/span><span class=\"T_mp3j\" id=\"T_mp3j_1\" style=\"font-size:14px;\">Duett - Bei M\u00e4nnern, welche Liebe f\u00fchlen<span> - M\u00fcnchner Bassetthorntrio<\/span><\/span><span class=\"indi_mp3j\" style=\"font-size:9.8px;\" id=\"statusMI_1\"><\/span><\/span><\/span><\/div><span class=\"s-nosolution\" id=\"mp3j_nosolution_1\" style=\"display:none;\"><\/span><script>\nMP3jPLAYLISTS.inline_1 = [\n\t{ name: \"Duett - Bei M\u00e4nnern, welche Liebe f\u00fchlen\", formats: [\"mp3\"], mp3: \"aHR0cHM6Ly90cmlvbXVzaWMuZGUvd3AtY29udGVudC91cGxvYWRzLzIwMTkvMDcvYmVpbcOkbm5lcm53ZWxjaGVsaWViZWbDvGhsZW4ubXAz\", counterpart:\"\", artist: \"M\u00fcnchner Bassetthorntrio\", image: \"\", imgurl: \"\" }\n];\n<\/script>\n\n<script>MP3jPLAYERS[1] = { list: MP3jPLAYLISTS.inline_1, tr:0, type:'single', lstate:'', loop:false, play_txt:'&nbsp;&nbsp;&nbsp;&nbsp;&nbsp;', pause_txt:'&nbsp;&nbsp;&nbsp;&nbsp;&nbsp;', pp_title:'', autoplay:false, download:false, vol:100, height:'' };<\/script>\n<hr \/>\n<p>&nbsp;<\/p>\n","protected":false},"excerpt":{"rendered":"<p>Wolfgang Amadeus Mozart (1756-1791) The Magic Flute, Volume I for 3 basset horns (3 clarinets, 2 clarinets + basset horn, 2 clarinets + bassoon, oboe\/clarinet\/bassoon) Based on a historical edition from Prague, compiled and arranged in two volumes by Michael Nowotny. Volume I (from the first act) 1 Hm! hm! hm! 2 Wie stark ist [&hellip;]<\/p>\n","protected":false},"featured_media":12568,"template":"","meta":{"iawp_total_views":17},"product_brand":[],"product_cat":[1739,1843,1746,1709],"product_tag":[],"class_list":{"0":"post-13489","1":"product","2":"type-product","3":"status-publish","4":"has-post-thumbnail","6":"product_cat-clarinet-basset-horn","7":"product_cat-nowotny-michael-en","8":"product_cat-3-clarinets","9":"product_cat-woodwinds","11":"first","12":"onbackorder","13":"sold-individually","14":"taxable","15":"shipping-taxable","16":"purchasable","17":"product-type-simple"},"_links":{"self":[{"href":"https:\/\/triomusic.de\/en\/wp-json\/wp\/v2\/product\/13489","targetHints":{"allow":["GET"]}}],"collection":[{"href":"https:\/\/triomusic.de\/en\/wp-json\/wp\/v2\/product"}],"about":[{"href":"https:\/\/triomusic.de\/en\/wp-json\/wp\/v2\/types\/product"}],"wp:featuredmedia":[{"embeddable":true,"href":"https:\/\/triomusic.de\/en\/wp-json\/wp\/v2\/media\/12568"}],"wp:attachment":[{"href":"https:\/\/triomusic.de\/en\/wp-json\/wp\/v2\/media?parent=13489"}],"wp:term":[{"taxonomy":"product_brand","embeddable":true,"href":"https:\/\/triomusic.de\/en\/wp-json\/wp\/v2\/product_brand?post=13489"},{"taxonomy":"product_cat","embeddable":true,"href":"https:\/\/triomusic.de\/en\/wp-json\/wp\/v2\/product_cat?post=13489"},{"taxonomy":"product_tag","embeddable":true,"href":"https:\/\/triomusic.de\/en\/wp-json\/wp\/v2\/product_tag?post=13489"}],"curies":[{"name":"wp","href":"https:\/\/api.w.org\/{rel}","templated":true}]}}