{"id":13486,"date":"2019-06-27T22:30:23","date_gmt":"2019-06-27T20:30:23","guid":{"rendered":"https:\/\/triomusic.de\/produkt\/the-midday-witch"},"modified":"2025-07-22T10:19:41","modified_gmt":"2025-07-22T08:19:41","slug":"the-midday-witch","status":"publish","type":"product","link":"https:\/\/triomusic.de\/en\/produkt\/the-midday-witch","title":{"rendered":"Antonin Dvo\u0159\u00e1k &#8211; The Noon Witch"},"content":{"rendered":"<h3>Antonin Dvo\u0159\u00e1k (1841-1904)<\/h3>\n<h2>The Noon Witch<\/h2>\n<h5>for wind quintet fl, ob, cl, hn, bsn<\/h5>\n<h5>Arr.: Christoph Schneider<\/h5>\n<p>Dvo\u0159\u00e1k&#8217;s symphonic poem &#8220;The Midday Witch&#8221; was written in 1896 after the fantastic and at the same time gruesome story by K. J. Erben and inspired the composer to create a very varied and pictorial tonal language. With Christoph Schneider&#8217;s arrangement, this richness of color is now transferred to the classical wind quintet instrumentation in a chamber music style.<\/p>\n<p><iframe loading=\"lazy\" title=\"Antonin Dvo\u0159\u00e1k \u2013 Die Mittagshexe - The Noon Witch\" width=\"625\" height=\"469\" src=\"https:\/\/www.youtube.com\/embed\/zmG3w_cIN3E?feature=oembed\" frameborder=\"0\" allow=\"accelerometer; autoplay; clipboard-write; encrypted-media; gyroscope; picture-in-picture; web-share\" referrerpolicy=\"strict-origin-when-cross-origin\" allowfullscreen><\/iframe><\/p>\n<hr \/>\n<p>&nbsp;<\/p>\n","protected":false},"excerpt":{"rendered":"<p>Antonin Dvo\u0159\u00e1k (1841-1904) The Noon Witch for wind quintet fl, ob, cl, hn, bsn Arr.: Christoph Schneider Dvo\u0159\u00e1k&#8217;s symphonic poem &#8220;The Midday Witch&#8221; was written in 1896 after the fantastic and at the same time gruesome story by K. J. Erben and inspired the composer to create a very varied and pictorial tonal language. With [&hellip;]<\/p>\n","protected":false},"featured_media":12293,"template":"","meta":{"iawp_total_views":5},"product_brand":[],"product_cat":[1750,1825,1709],"product_tag":[],"class_list":{"0":"post-13486","1":"product","2":"type-product","3":"status-publish","4":"has-post-thumbnail","6":"product_cat-quintet-woodwinds","7":"product_cat-christoph-schneider-en","8":"product_cat-woodwinds","10":"first","11":"instock","12":"taxable","13":"shipping-taxable","14":"purchasable","15":"product-type-simple"},"_links":{"self":[{"href":"https:\/\/triomusic.de\/en\/wp-json\/wp\/v2\/product\/13486","targetHints":{"allow":["GET"]}}],"collection":[{"href":"https:\/\/triomusic.de\/en\/wp-json\/wp\/v2\/product"}],"about":[{"href":"https:\/\/triomusic.de\/en\/wp-json\/wp\/v2\/types\/product"}],"wp:featuredmedia":[{"embeddable":true,"href":"https:\/\/triomusic.de\/en\/wp-json\/wp\/v2\/media\/12293"}],"wp:attachment":[{"href":"https:\/\/triomusic.de\/en\/wp-json\/wp\/v2\/media?parent=13486"}],"wp:term":[{"taxonomy":"product_brand","embeddable":true,"href":"https:\/\/triomusic.de\/en\/wp-json\/wp\/v2\/product_brand?post=13486"},{"taxonomy":"product_cat","embeddable":true,"href":"https:\/\/triomusic.de\/en\/wp-json\/wp\/v2\/product_cat?post=13486"},{"taxonomy":"product_tag","embeddable":true,"href":"https:\/\/triomusic.de\/en\/wp-json\/wp\/v2\/product_tag?post=13486"}],"curies":[{"name":"wp","href":"https:\/\/api.w.org\/{rel}","templated":true}]}}