{"id":13481,"date":"2025-05-27T17:35:14","date_gmt":"2025-05-27T15:35:14","guid":{"rendered":"https:\/\/triomusic.de\/produkt\/the-magic-flute-ii"},"modified":"2025-10-24T16:43:00","modified_gmt":"2025-10-24T14:43:00","slug":"the-magic-flute-ii","status":"publish","type":"product","link":"https:\/\/triomusic.de\/en\/produkt\/the-magic-flute-ii","title":{"rendered":"W. A. Mozart &#8211; The Magic Flute II"},"content":{"rendered":"<h3>Wolfgang Amadeus Mozart (1756-1791)<\/h3>\n<h2>The Magic Flute, Volume II<\/h2>\n<h5>for 3 basset horns (3 clarinets, 2 clarinets + basset horn, 2 clarinets + bassoon, oboe\/clarinet\/bassoon)<\/h5>\n<p>Based on a historical edition from Prague, compiled and arranged in two volumes by<br \/>\n<a href=\"https:\/\/triomusic.de\/autoren2\/nowotny-michael\" target=\"_blank\" rel=\"noopener\">Michael Nowotny<\/a>.<\/p>\n<h5>Volume II (from the second act):<\/h5>\n<p>10 Marsch der Priester<br \/>\n11 O Isis und Osiris, welche Wonne!<br \/>\n12 O Isis und Osiris<br \/>\n13 In diesen heil&#8217;gen Hallen<br \/>\n14 Seid uns zum zweitenmal willkommen<br \/>\n15 Soll ich dich, Theu&#8217;rer, nicht mehr seh&#8217;n?<br \/>\n16 Ein M\u00e4dchen oder Weibchen<br \/>\n17 Bald prangt, den Morgen zu verk\u00fcnden<br \/>\n18 Bewahret euch vor Weibert\u00fccken<br \/>\n19 Alles f\u00fchlt der Liebe Freuden<br \/>\n20 Der H\u00f6lle Rache kocht in meinem Herzen<br \/>\n21 Ach, ich f\u00fchl&#8217;s, es ist verschwunden<\/p>\n<p>&nbsp;<\/p>\n<div id=\"mp3jWrap_0\" class=\"mjp-s-wrapper s-graphic unsel-mjp \" style=\"font-size:14px;\"><span id=\"playpause_wrap_mp3j_0\" class=\"wrap_inline_mp3j\" style=\"font-weight:700;\"><span class=\"gfxbutton_mp3j play-mjp\" id=\"playpause_mp3j_0\" style=\"font-size:14px;\">&nbsp;&nbsp;&nbsp;&nbsp;&nbsp;<\/span>&nbsp;<span class=\"group_wrap\"><span class=\"bars_mp3j\"><span class=\"loadB_mp3j\" id=\"load_mp3j_0\"><\/span><span class=\"posbarB_mp3j\" id=\"posbar_mp3j_0\"><\/span><\/span><span class=\"T_mp3j\" id=\"T_mp3j_0\" style=\"font-size:14px;\">Marsch der Priester<span> - M\u00fcnchner Bassetthorntrio<\/span><\/span><span class=\"indi_mp3j\" style=\"font-size:9.8px;\" id=\"statusMI_0\"><\/span><\/span><\/span><\/div><span class=\"s-nosolution\" id=\"mp3j_nosolution_0\" style=\"display:none;\"><\/span><script>\nMP3jPLAYLISTS.inline_0 = [\n\t{ name: \"Marsch der Priester\", formats: [\"mp3\"], mp3: \"aHR0cHM6Ly90cmlvbXVzaWMuZGUvd3AtY29udGVudC91cGxvYWRzLzIwMTkvMDcvemF1YmVyZmzDtnRlX21hcnNjaGRlcnByaWVzdGVyLm1wMw==\", counterpart:\"\", artist: \"M\u00fcnchner Bassetthorntrio\", image: \"\", imgurl: \"\" }\n];\n<\/script>\n\n<script>MP3jPLAYERS[0] = { list: MP3jPLAYLISTS.inline_0, tr:0, type:'single', lstate:'', loop:false, play_txt:'&nbsp;&nbsp;&nbsp;&nbsp;&nbsp;', pause_txt:'&nbsp;&nbsp;&nbsp;&nbsp;&nbsp;', pp_title:'', autoplay:false, download:false, vol:100, height:'' };<\/script>\n<p>&nbsp;<\/p>\n<div id=\"mp3jWrap_1\" class=\"mjp-s-wrapper s-graphic unsel-mjp \" style=\"font-size:14px;\"><span id=\"playpause_wrap_mp3j_1\" class=\"wrap_inline_mp3j\" style=\"font-weight:700;\"><span class=\"gfxbutton_mp3j play-mjp\" id=\"playpause_mp3j_1\" style=\"font-size:14px;\">&nbsp;&nbsp;&nbsp;&nbsp;&nbsp;<\/span>&nbsp;<span class=\"group_wrap\"><span class=\"bars_mp3j\"><span class=\"loadB_mp3j\" id=\"load_mp3j_1\"><\/span><span class=\"posbarB_mp3j\" id=\"posbar_mp3j_1\"><\/span><\/span><span class=\"T_mp3j\" id=\"T_mp3j_1\" style=\"font-size:14px;\">Arie der K\u00f6nigin der Nacht - Der H\u00f6lle Rache ...<span> - M\u00fcnchner Bassetthorntrio<\/span><\/span><span class=\"indi_mp3j\" style=\"font-size:9.8px;\" id=\"statusMI_1\"><\/span><\/span><\/span><\/div><span class=\"s-nosolution\" id=\"mp3j_nosolution_1\" style=\"display:none;\"><\/span><script>\nMP3jPLAYLISTS.inline_1 = [\n\t{ name: \"Arie der K\u00f6nigin der Nacht - Der H\u00f6lle Rache ...\", formats: [\"mp3\"], mp3: \"aHR0cHM6Ly90cmlvbXVzaWMuZGUvd3AtY29udGVudC91cGxvYWRzLzIwMTkvMDcvemF1YmVyZmzDtnRlX2vDtm5pZ2luZGVybmFjaHQubXAz\", counterpart:\"\", artist: \"M\u00fcnchner Bassetthorntrio\", image: \"\", imgurl: \"\" }\n];\n<\/script>\n\n<script>MP3jPLAYERS[1] = { list: MP3jPLAYLISTS.inline_1, tr:0, type:'single', lstate:'', loop:false, play_txt:'&nbsp;&nbsp;&nbsp;&nbsp;&nbsp;', pause_txt:'&nbsp;&nbsp;&nbsp;&nbsp;&nbsp;', pp_title:'', autoplay:false, download:false, vol:100, height:'' };<\/script>\n<hr \/>\n<p>&nbsp;<\/p>\n","protected":false},"excerpt":{"rendered":"<p>Wolfgang Amadeus Mozart (1756-1791) The Magic Flute, Volume II for 3 basset horns (3 clarinets, 2 clarinets + basset horn, 2 clarinets + bassoon, oboe\/clarinet\/bassoon) Based on a historical edition from Prague, compiled and arranged in two volumes by Michael Nowotny. Volume II (from the second act): 10 Marsch der Priester 11 O Isis und [&hellip;]<\/p>\n","protected":false},"featured_media":12567,"template":"","meta":{"iawp_total_views":16},"product_brand":[],"product_cat":[1739,1843,1746,1709],"product_tag":[],"class_list":{"0":"post-13481","1":"product","2":"type-product","3":"status-publish","4":"has-post-thumbnail","6":"product_cat-clarinet-basset-horn","7":"product_cat-nowotny-michael-en","8":"product_cat-3-clarinets","9":"product_cat-woodwinds","11":"first","12":"instock","13":"taxable","14":"shipping-taxable","15":"purchasable","16":"product-type-simple"},"_links":{"self":[{"href":"https:\/\/triomusic.de\/en\/wp-json\/wp\/v2\/product\/13481","targetHints":{"allow":["GET"]}}],"collection":[{"href":"https:\/\/triomusic.de\/en\/wp-json\/wp\/v2\/product"}],"about":[{"href":"https:\/\/triomusic.de\/en\/wp-json\/wp\/v2\/types\/product"}],"wp:featuredmedia":[{"embeddable":true,"href":"https:\/\/triomusic.de\/en\/wp-json\/wp\/v2\/media\/12567"}],"wp:attachment":[{"href":"https:\/\/triomusic.de\/en\/wp-json\/wp\/v2\/media?parent=13481"}],"wp:term":[{"taxonomy":"product_brand","embeddable":true,"href":"https:\/\/triomusic.de\/en\/wp-json\/wp\/v2\/product_brand?post=13481"},{"taxonomy":"product_cat","embeddable":true,"href":"https:\/\/triomusic.de\/en\/wp-json\/wp\/v2\/product_cat?post=13481"},{"taxonomy":"product_tag","embeddable":true,"href":"https:\/\/triomusic.de\/en\/wp-json\/wp\/v2\/product_tag?post=13481"}],"curies":[{"name":"wp","href":"https:\/\/api.w.org\/{rel}","templated":true}]}}