{"id":13480,"date":"2019-07-12T19:30:17","date_gmt":"2019-07-12T17:30:17","guid":{"rendered":"https:\/\/triomusic.de\/produkt\/trilogue"},"modified":"2019-07-12T19:30:17","modified_gmt":"2019-07-12T17:30:17","slug":"trilogue","status":"publish","type":"product","link":"https:\/\/triomusic.de\/en\/produkt\/trilogue","title":{"rendered":"Trilogue"},"content":{"rendered":"<h3>Otmar Mayer (*)<\/h3>\n<h2>Trilogue for 3 basset horns<\/h2>\n<p>&nbsp;<\/p>\n<p>Duration 6:00<\/p>\n<p>&nbsp;<br \/>\n<div id=\"mp3jWrap_0\" class=\"mjp-s-wrapper s-graphic unsel-mjp \" style=\"font-size:14px;\"><span id=\"playpause_wrap_mp3j_0\" class=\"wrap_inline_mp3j\" style=\"font-weight:700;\"><span class=\"gfxbutton_mp3j play-mjp\" id=\"playpause_mp3j_0\" style=\"font-size:14px;\">&nbsp;&nbsp;&nbsp;&nbsp;&nbsp;<\/span>&nbsp;<span class=\"group_wrap\"><span class=\"bars_mp3j\"><span class=\"loadB_mp3j\" id=\"load_mp3j_0\"><\/span><span class=\"posbarB_mp3j\" id=\"posbar_mp3j_0\"><\/span><\/span><span class=\"T_mp3j\" id=\"T_mp3j_0\" style=\"font-size:14px;\">Otmar Mayer, Trilogue f\u00fcr 3 Bassetth\u00f6rner<span> - M\u00fcnchner Bassetthorntrio<\/span><\/span><span class=\"indi_mp3j\" style=\"font-size:9.8px;\" id=\"statusMI_0\"><\/span><\/span><\/span><\/div><span class=\"s-nosolution\" id=\"mp3j_nosolution_0\" style=\"display:none;\"><\/span><script>\nMP3jPLAYLISTS.inline_0 = [\n\t{ name: \"Otmar Mayer, Trilogue f\u00fcr 3 Bassetth\u00f6rner\", formats: [\"mp3\"], mp3: \"aHR0cHM6Ly90cmlvbXVzaWMuZGUvd3AtY29udGVudC91cGxvYWRzLzIwMTkvMDcvbWF5ZXJfdHJpbG9ndWUubXAz\", counterpart:\"\", artist: \"M\u00fcnchner Bassetthorntrio\", image: \"\", imgurl: \"\" }\n];\n<\/script>\n\n<script>MP3jPLAYERS[0] = { list: MP3jPLAYLISTS.inline_0, tr:0, type:'single', lstate:'', loop:false, play_txt:'&nbsp;&nbsp;&nbsp;&nbsp;&nbsp;', pause_txt:'&nbsp;&nbsp;&nbsp;&nbsp;&nbsp;', pp_title:'', autoplay:false, download:false, vol:100, height:'' };<\/script><\/p>\n","protected":false},"excerpt":{"rendered":"<p>Otmar Mayer (*) Trilogue for 3 basset horns &nbsp; Duration 6:00 &nbsp;<\/p>\n","protected":false},"featured_media":11498,"template":"","meta":{"iawp_total_views":2},"product_brand":[],"product_cat":[1739,1746,1709],"product_tag":[],"class_list":{"0":"post-13480","1":"product","2":"type-product","3":"status-publish","4":"has-post-thumbnail","6":"product_cat-clarinet-basset-horn","7":"product_cat-3-clarinets","8":"product_cat-woodwinds","10":"first","11":"instock","12":"taxable","13":"shipping-taxable","14":"purchasable","15":"product-type-simple"},"_links":{"self":[{"href":"https:\/\/triomusic.de\/en\/wp-json\/wp\/v2\/product\/13480","targetHints":{"allow":["GET"]}}],"collection":[{"href":"https:\/\/triomusic.de\/en\/wp-json\/wp\/v2\/product"}],"about":[{"href":"https:\/\/triomusic.de\/en\/wp-json\/wp\/v2\/types\/product"}],"wp:featuredmedia":[{"embeddable":true,"href":"https:\/\/triomusic.de\/en\/wp-json\/wp\/v2\/media\/11498"}],"wp:attachment":[{"href":"https:\/\/triomusic.de\/en\/wp-json\/wp\/v2\/media?parent=13480"}],"wp:term":[{"taxonomy":"product_brand","embeddable":true,"href":"https:\/\/triomusic.de\/en\/wp-json\/wp\/v2\/product_brand?post=13480"},{"taxonomy":"product_cat","embeddable":true,"href":"https:\/\/triomusic.de\/en\/wp-json\/wp\/v2\/product_cat?post=13480"},{"taxonomy":"product_tag","embeddable":true,"href":"https:\/\/triomusic.de\/en\/wp-json\/wp\/v2\/product_tag?post=13480"}],"curies":[{"name":"wp","href":"https:\/\/api.w.org\/{rel}","templated":true}]}}