{"id":13106,"date":"2024-05-17T23:12:51","date_gmt":"2024-05-17T21:12:51","guid":{"rendered":"https:\/\/triomusic.de\/produkt\/antonin-dvorak-slavonic-dance-no-8"},"modified":"2024-05-17T23:12:51","modified_gmt":"2024-05-17T21:12:51","slug":"antonin-dvorak-slavonic-dance-no-8","status":"publish","type":"product","link":"https:\/\/triomusic.de\/en\/produkt\/antonin-dvorak-slavonic-dance-no-8","title":{"rendered":"Antonin Dvor\u00e1k &#8211; Slavonic Dance No. 8"},"content":{"rendered":"<h3>Anton\u00edn Dvor\u00e1k (1841-1904)<\/h3>\n<h2>Slavonic Dance No. 8, op. 46,8<\/h2>\n<h3>Arr.: Stephan Ametsbichler<\/h3>\n<p>&nbsp;<\/p>\n<p>When composing his &#8216;Slavonic Dances&#8217;, Dvor\u00e1k was inspired by the rhythm and gesture of individual Bohemian and Moravian dances as well as by Slavic melodies. In this arrangement for wind orchestra, which is based on Dvor\u00e1k&#8217;s own orchestral version, the tonal possibilities of today&#8217;s symphonic wind orchestra have been fully exploited without distorting the original sound of the work.<\/p>\n<p>&nbsp;<\/p>\n<div id=\"mp3jWrap_0\" class=\"mjp-s-wrapper s-graphic unsel-mjp \" style=\"font-size:14px;\"><span id=\"playpause_wrap_mp3j_0\" class=\"wrap_inline_mp3j\" style=\"font-weight:700;\"><span class=\"gfxbutton_mp3j play-mjp\" id=\"playpause_mp3j_0\" style=\"font-size:14px;\">&nbsp;&nbsp;&nbsp;&nbsp;&nbsp;<\/span>&nbsp;<span class=\"group_wrap\"><span class=\"bars_mp3j\"><span class=\"loadB_mp3j\" id=\"load_mp3j_0\"><\/span><span class=\"posbarB_mp3j\" id=\"posbar_mp3j_0\"><\/span><\/span><span class=\"T_mp3j\" id=\"T_mp3j_0\" style=\"font-size:14px;\">Slawischer Tanz Nr. 8<\/span><span class=\"indi_mp3j\" style=\"font-size:9.8px;\" id=\"statusMI_0\"><\/span><\/span><\/span><\/div><span class=\"s-nosolution\" id=\"mp3j_nosolution_0\" style=\"display:none;\"><\/span><script>\nMP3jPLAYLISTS.inline_0 = [\n\t{ name: \"Slawischer Tanz Nr. 8\", formats: [\"mp3\"], mp3: \"aHR0cHM6Ly90cmlvbXVzaWMuZGUvd3AtY29udGVudC91cGxvYWRzLzIwMjQvMDUvYm8wMjFfc2xhd2lzY2hlcnRhbno4Lm1wMw==\", counterpart:\"\", artist: \"\", image: \"\", imgurl: \"\" }\n];\n<\/script>\n\n<script>MP3jPLAYERS[0] = { list: MP3jPLAYLISTS.inline_0, tr:0, type:'single', lstate:'', loop:false, play_txt:'&nbsp;&nbsp;&nbsp;&nbsp;&nbsp;', pause_txt:'&nbsp;&nbsp;&nbsp;&nbsp;&nbsp;', pp_title:'', autoplay:false, download:false, vol:100, height:'' };<\/script>\n<p>Browse score<br \/>\n<iframe loading=\"lazy\" src=\"https:\/\/www.yumpu.com\/en\/embed\/view\/7U7ot34gkZP9QgUD\" width=\"512px\" height=\"384px\" frameborder=\"0\" allowfullscreen=\"allowfullscreen\"><\/iframe><\/p>\n","protected":false},"excerpt":{"rendered":"<p>Anton\u00edn Dvor\u00e1k (1841-1904) Slavonic Dance No. 8, op. 46,8 Arr.: Stephan Ametsbichler &nbsp; When composing his &#8216;Slavonic Dances&#8217;, Dvor\u00e1k was inspired by the rhythm and gesture of individual Bohemian and Moravian dances as well as by Slavic melodies. In this arrangement for wind orchestra, which is based on Dvor\u00e1k&#8217;s own orchestral version, the tonal possibilities [&hellip;]<\/p>\n","protected":false},"featured_media":11408,"template":"","meta":{"iawp_total_views":8},"product_brand":[],"product_cat":[1714,1791,1713],"product_tag":[],"class_list":{"0":"post-13106","1":"product","2":"type-product","3":"status-publish","4":"has-post-thumbnail","6":"product_cat-adaptations-of-classical-works","7":"product_cat-ametsbichler-stephan-en","8":"product_cat-concert-band","10":"first","11":"instock","12":"taxable","13":"shipping-taxable","14":"product-type-grouped"},"_links":{"self":[{"href":"https:\/\/triomusic.de\/en\/wp-json\/wp\/v2\/product\/13106","targetHints":{"allow":["GET"]}}],"collection":[{"href":"https:\/\/triomusic.de\/en\/wp-json\/wp\/v2\/product"}],"about":[{"href":"https:\/\/triomusic.de\/en\/wp-json\/wp\/v2\/types\/product"}],"wp:featuredmedia":[{"embeddable":true,"href":"https:\/\/triomusic.de\/en\/wp-json\/wp\/v2\/media\/11408"}],"wp:attachment":[{"href":"https:\/\/triomusic.de\/en\/wp-json\/wp\/v2\/media?parent=13106"}],"wp:term":[{"taxonomy":"product_brand","embeddable":true,"href":"https:\/\/triomusic.de\/en\/wp-json\/wp\/v2\/product_brand?post=13106"},{"taxonomy":"product_cat","embeddable":true,"href":"https:\/\/triomusic.de\/en\/wp-json\/wp\/v2\/product_cat?post=13106"},{"taxonomy":"product_tag","embeddable":true,"href":"https:\/\/triomusic.de\/en\/wp-json\/wp\/v2\/product_tag?post=13106"}],"curies":[{"name":"wp","href":"https:\/\/api.w.org\/{rel}","templated":true}]}}